{"id":1963,"date":"2023-01-13T20:11:58","date_gmt":"2023-01-13T20:11:58","guid":{"rendered":"https:\/\/remoldyourbody.com\/?page_id=1963"},"modified":"2026-01-25T19:44:55","modified_gmt":"2026-01-25T19:44:55","slug":"pakiety-dietetyczne","status":"publish","type":"page","link":"https:\/\/remoldyourbody.com\/?page_id=1963","title":{"rendered":"Pakiety Dietetyczne"},"content":{"rendered":"\t\t<div data-elementor-type=\"wp-page\" data-elementor-id=\"1963\" class=\"elementor elementor-1963\" data-elementor-settings=\"{&quot;ha_cmc_init_switcher&quot;:&quot;no&quot;}\">\n\t\t\t\t\t\t<section class=\"elementor-section elementor-top-section elementor-element elementor-element-728cb7e elementor-section-boxed elementor-section-height-default elementor-section-height-default\" data-id=\"728cb7e\" data-element_type=\"section\" data-e-type=\"section\" data-settings=\"{&quot;background_background&quot;:&quot;classic&quot;,&quot;_ha_eqh_enable&quot;:false}\">\n\t\t\t\t\t\t\t<div class=\"elementor-background-overlay\"><\/div>\n\t\t\t\t\t\t\t<div class=\"elementor-container elementor-column-gap-default\">\n\t\t\t\t\t<div class=\"elementor-column elementor-col-100 elementor-top-column elementor-element elementor-element-ec94cb8\" data-id=\"ec94cb8\" data-element_type=\"column\" data-e-type=\"column\">\n\t\t\t<div class=\"elementor-widget-wrap elementor-element-populated\">\n\t\t\t\t\t\t<div class=\"elementor-element elementor-element-269a877 elementor-widget elementor-widget-spacer\" data-id=\"269a877\" data-element_type=\"widget\" data-e-type=\"widget\" data-widget_type=\"spacer.default\">\n\t\t\t\t<div class=\"elementor-widget-container\">\n\t\t\t\t\t\t\t<div class=\"elementor-spacer\">\n\t\t\t<div class=\"elementor-spacer-inner\"><\/div>\n\t\t<\/div>\n\t\t\t\t\t\t<\/div>\n\t\t\t\t<\/div>\n\t\t\t\t<section class=\"elementor-section elementor-inner-section elementor-element elementor-element-d8622e2 elementor-section-boxed elementor-section-height-default elementor-section-height-default\" data-id=\"d8622e2\" data-element_type=\"section\" data-e-type=\"section\" data-settings=\"{&quot;_ha_eqh_enable&quot;:false}\">\n\t\t\t\t\t\t<div class=\"elementor-container elementor-column-gap-default\">\n\t\t\t\t\t<div class=\"elementor-column elementor-col-100 elementor-inner-column elementor-element elementor-element-192167c\" data-id=\"192167c\" data-element_type=\"column\" data-e-type=\"column\">\n\t\t\t<div class=\"elementor-widget-wrap elementor-element-populated\">\n\t\t\t\t\t\t<div class=\"elementor-element elementor-element-57fd4fd elementor-widget elementor-widget-heading\" data-id=\"57fd4fd\" data-element_type=\"widget\" data-e-type=\"widget\" data-widget_type=\"heading.default\">\n\t\t\t\t<div class=\"elementor-widget-container\">\n\t\t\t\t\t<h2 class=\"elementor-heading-title elementor-size-default\">PAKIETY  dietetyczne<\/h2>\t\t\t\t<\/div>\n\t\t\t\t<\/div>\n\t\t\t\t\t<\/div>\n\t\t<\/div>\n\t\t\t\t\t<\/div>\n\t\t<\/section>\n\t\t\t\t<div class=\"elementor-element elementor-element-22e4e36 elementor-widget elementor-widget-spacer\" data-id=\"22e4e36\" data-element_type=\"widget\" data-e-type=\"widget\" data-widget_type=\"spacer.default\">\n\t\t\t\t<div class=\"elementor-widget-container\">\n\t\t\t\t\t\t\t<div class=\"elementor-spacer\">\n\t\t\t<div class=\"elementor-spacer-inner\"><\/div>\n\t\t<\/div>\n\t\t\t\t\t\t<\/div>\n\t\t\t\t<\/div>\n\t\t\t\t<div class=\"elementor-element elementor-element-13b55f7 elementor-widget elementor-widget-spacer\" data-id=\"13b55f7\" data-element_type=\"widget\" data-e-type=\"widget\" data-widget_type=\"spacer.default\">\n\t\t\t\t<div class=\"elementor-widget-container\">\n\t\t\t\t\t\t\t<div class=\"elementor-spacer\">\n\t\t\t<div class=\"elementor-spacer-inner\"><\/div>\n\t\t<\/div>\n\t\t\t\t\t\t<\/div>\n\t\t\t\t<\/div>\n\t\t\t\t\t<\/div>\n\t\t<\/div>\n\t\t\t\t\t<\/div>\n\t\t<\/section>\n\t\t\t\t<section class=\"elementor-section elementor-top-section elementor-element elementor-element-f51127c elementor-section-boxed elementor-section-height-default elementor-section-height-default\" data-id=\"f51127c\" data-element_type=\"section\" data-e-type=\"section\" data-settings=\"{&quot;_ha_eqh_enable&quot;:false}\">\n\t\t\t\t\t\t<div class=\"elementor-container elementor-column-gap-default\">\n\t\t\t\t\t<div class=\"elementor-column elementor-col-33 elementor-top-column elementor-element elementor-element-9a2ba8d\" data-id=\"9a2ba8d\" data-element_type=\"column\" data-e-type=\"column\">\n\t\t\t<div class=\"elementor-widget-wrap\">\n\t\t\t\t\t\t\t<\/div>\n\t\t<\/div>\n\t\t\t\t<div class=\"elementor-column elementor-col-33 elementor-top-column elementor-element elementor-element-2b2646f\" data-id=\"2b2646f\" data-element_type=\"column\" data-e-type=\"column\">\n\t\t\t<div class=\"elementor-widget-wrap elementor-element-populated\">\n\t\t\t\t\t\t<div class=\"elementor-element elementor-element-04e27dc eael-pricing-content-align-center eael-pricing-button-align-center elementor-widget elementor-widget-eael-pricing-table\" data-id=\"04e27dc\" data-element_type=\"widget\" data-e-type=\"widget\" data-widget_type=\"eael-pricing-table.default\">\n\t\t\t\t<div class=\"elementor-widget-container\">\n\t\t\t\t\t    <div class=\"eael-pricing style-1 eael-header-devider\">\n                    <div class=\"eael-pricing-item \">\n                <div class=\"header\">\n                    <h2 class=\"title\">DIETA<\/h2>\n                <\/div>\n                <div class=\"eael-pricing-tag\">\n                    <span class=\"price-tag\"><span class=\"original-price\"><span class=\"price-currency\">Z\u0141<\/span>400<\/span><\/span><span class=\"price-period\">\/MIESI\u0104C<\/span>                <\/div>\n                <div class=\"body\">\n                            <ul>\n                            <li class=\"eael-pricing-item-feature elementor-repeater-item-1f3233e\">\n                    \n                                <span class=\"li-icon\">\n                <i aria-hidden=\"true\" class=\"fas fa-check\"><\/i>            <\/span>\n\n        \n                    <span >JAD\u0141OSPIS WYLICZONY POD TWOJE ZAPOTRZEBOWANIE KALORYCZNE, PREFERENCJE KULINARNE, CZAS JAKIM DYSPONUJESZ ORAZ EWENTUALNE SCHORZENIA<\/span>\n                    \n                     \n                <\/li>\n                            <li class=\"eael-pricing-item-feature elementor-repeater-item-2c153da\">\n                    \n                                <span class=\"li-icon\">\n                <i aria-hidden=\"true\" class=\"fas fa-check\"><\/i>            <\/span>\n\n        \n                    <span >SUPLEMENTACJ\u0118 MAJ\u0104C\u0104 NA CELU WSPOMAGANIE ORGANIZMU PRZY ZDROWYM I AKTYWNYM TRYBIE \u017bYCIA WRAZ Z SCHORZENIAMI ( JE\u015aLI TAKIE WYST\u0118PUJ\u0104)<\/span>\n                    \n                     \n                <\/li>\n                            <li class=\"eael-pricing-item-feature elementor-repeater-item-99db755\">\n                    \n                                <span class=\"li-icon\">\n                <i aria-hidden=\"true\" class=\"fas fa-check\"><\/i>            <\/span>\n\n        \n                    <span >OPIS PODSTAWOWYCH ZASAD \u017bYWIENIOWYCH, NA KT\u00d3RE WARTO ZWR\u00d3CI\u0106 UWAG\u0118 PRZY AKTYWNYM I ZDROWYM TRYBIE \u017bYCIA (wszystko przygotowane przez naszych wykwalifikowanych dietetykow)<\/span>\n                    \n                     \n                <\/li>\n                    <\/ul>\n                    <\/div>\n                                <div class=\"footer\">\n                    <a class=\"eael-pricing-button\" href=\"#\" >\n                                                                                WYBIERZ PLAN                                            <\/a>\n                <\/div>\n                            <\/div>\n                    <\/div>\n    \t\t\t\t<\/div>\n\t\t\t\t<\/div>\n\t\t\t\t\t<\/div>\n\t\t<\/div>\n\t\t\t\t<div class=\"elementor-column elementor-col-33 elementor-top-column elementor-element elementor-element-9aa4196\" data-id=\"9aa4196\" data-element_type=\"column\" data-e-type=\"column\">\n\t\t\t<div class=\"elementor-widget-wrap\">\n\t\t\t\t\t\t\t<\/div>\n\t\t<\/div>\n\t\t\t\t\t<\/div>\n\t\t<\/section>\n\t\t\t\t<section class=\"elementor-section elementor-top-section elementor-element elementor-element-02d4f3b elementor-section-content-middle elementor-section-boxed elementor-section-height-default elementor-section-height-default\" data-id=\"02d4f3b\" data-element_type=\"section\" data-e-type=\"section\" data-settings=\"{&quot;background_background&quot;:&quot;classic&quot;,&quot;_ha_eqh_enable&quot;:false}\">\n\t\t\t\t\t\t<div class=\"elementor-container elementor-column-gap-default\">\n\t\t\t\t\t<div class=\"elementor-column elementor-col-100 elementor-top-column elementor-element elementor-element-05c2149\" data-id=\"05c2149\" data-element_type=\"column\" data-e-type=\"column\">\n\t\t\t<div class=\"elementor-widget-wrap elementor-element-populated\">\n\t\t\t\t\t\t<div data-ha-element-link=\"{&quot;url&quot;:&quot;https:\\\/\\\/remoldyourbody.com\\\/?page_id=694&quot;,&quot;is_external&quot;:&quot;&quot;,&quot;nofollow&quot;:&quot;&quot;}\" style=\"cursor: pointer\" class=\"elementor-element elementor-element-f3e89be envato-kit-138-bracket elementor-widget elementor-widget-heading\" data-id=\"f3e89be\" data-element_type=\"widget\" data-e-type=\"widget\" data-widget_type=\"heading.default\">\n\t\t\t\t<div class=\"elementor-widget-container\">\n\t\t\t\t\t<h3 class=\"elementor-heading-title elementor-size-default\">Wr\u00f3\u0107 do us\u0142ug<\/h3>\t\t\t\t<\/div>\n\t\t\t\t<\/div>\n\t\t\t\t<div class=\"elementor-element elementor-element-f65a340 elementor-widget-divider--view-line elementor-widget elementor-widget-divider\" data-id=\"f65a340\" data-element_type=\"widget\" data-e-type=\"widget\" data-widget_type=\"divider.default\">\n\t\t\t\t<div class=\"elementor-widget-container\">\n\t\t\t\t\t\t\t<div class=\"elementor-divider\">\n\t\t\t<span class=\"elementor-divider-separator\">\n\t\t\t\t\t\t<\/span>\n\t\t<\/div>\n\t\t\t\t\t\t<\/div>\n\t\t\t\t<\/div>\n\t\t\t\t\t<\/div>\n\t\t<\/div>\n\t\t\t\t\t<\/div>\n\t\t<\/section>\n\t\t\t\t<section class=\"elementor-section elementor-top-section elementor-element elementor-element-30dd25e elementor-section-boxed elementor-section-height-default elementor-section-height-default\" data-id=\"30dd25e\" data-element_type=\"section\" data-e-type=\"section\" data-settings=\"{&quot;background_background&quot;:&quot;classic&quot;,&quot;_ha_eqh_enable&quot;:false}\">\n\t\t\t\t\t\t\t<div class=\"elementor-background-overlay\"><\/div>\n\t\t\t\t\t\t\t<div class=\"elementor-container elementor-column-gap-default\">\n\t\t\t\t\t<div class=\"elementor-column elementor-col-50 elementor-top-column elementor-element elementor-element-3909dd3\" data-id=\"3909dd3\" data-element_type=\"column\" data-e-type=\"column\">\n\t\t\t<div class=\"elementor-widget-wrap elementor-element-populated\">\n\t\t\t\t\t\t<div class=\"elementor-element elementor-element-f17413b elementor-widget elementor-widget-spacer\" data-id=\"f17413b\" data-element_type=\"widget\" data-e-type=\"widget\" data-widget_type=\"spacer.default\">\n\t\t\t\t<div class=\"elementor-widget-container\">\n\t\t\t\t\t\t\t<div class=\"elementor-spacer\">\n\t\t\t<div class=\"elementor-spacer-inner\"><\/div>\n\t\t<\/div>\n\t\t\t\t\t\t<\/div>\n\t\t\t\t<\/div>\n\t\t\t\t<div class=\"elementor-element elementor-element-985b064 elementor-widget elementor-widget-heading\" data-id=\"985b064\" data-element_type=\"widget\" data-e-type=\"widget\" data-widget_type=\"heading.default\">\n\t\t\t\t<div class=\"elementor-widget-container\">\n\t\t\t\t\t<h4 class=\"elementor-heading-title elementor-size-default\">KONTAKT<\/h4>\t\t\t\t<\/div>\n\t\t\t\t<\/div>\n\t\t\t\t<div class=\"elementor-element elementor-element-b0072d0 elementor-widget-divider--view-line elementor-widget elementor-widget-divider\" data-id=\"b0072d0\" data-element_type=\"widget\" data-e-type=\"widget\" data-widget_type=\"divider.default\">\n\t\t\t\t<div class=\"elementor-widget-container\">\n\t\t\t\t\t\t\t<div class=\"elementor-divider\">\n\t\t\t<span class=\"elementor-divider-separator\">\n\t\t\t\t\t\t<\/span>\n\t\t<\/div>\n\t\t\t\t\t\t<\/div>\n\t\t\t\t<\/div>\n\t\t\t\t<div class=\"elementor-element elementor-element-2b7d0d9 elementor-widget elementor-widget-spacer\" data-id=\"2b7d0d9\" data-element_type=\"widget\" data-e-type=\"widget\" data-widget_type=\"spacer.default\">\n\t\t\t\t<div class=\"elementor-widget-container\">\n\t\t\t\t\t\t\t<div class=\"elementor-spacer\">\n\t\t\t<div class=\"elementor-spacer-inner\"><\/div>\n\t\t<\/div>\n\t\t\t\t\t\t<\/div>\n\t\t\t\t<\/div>\n\t\t\t\t<div class=\"elementor-element elementor-element-6773e73 elementor-widget elementor-widget-spacer\" data-id=\"6773e73\" data-element_type=\"widget\" data-e-type=\"widget\" data-widget_type=\"spacer.default\">\n\t\t\t\t<div class=\"elementor-widget-container\">\n\t\t\t\t\t\t\t<div class=\"elementor-spacer\">\n\t\t\t<div class=\"elementor-spacer-inner\"><\/div>\n\t\t<\/div>\n\t\t\t\t\t\t<\/div>\n\t\t\t\t<\/div>\n\t\t\t\t<div class=\"elementor-element elementor-element-5dd87e3 elementor-widget elementor-widget-heading\" data-id=\"5dd87e3\" data-element_type=\"widget\" data-e-type=\"widget\" data-widget_type=\"heading.default\">\n\t\t\t\t<div class=\"elementor-widget-container\">\n\t\t\t\t\t<h2 class=\"elementor-heading-title elementor-size-default\">ZAPRASZAMY DO KONTAKTU<\/h2>\t\t\t\t<\/div>\n\t\t\t\t<\/div>\n\t\t\t\t<div class=\"elementor-element elementor-element-e45c55d elementor-widget elementor-widget-text-editor\" data-id=\"e45c55d\" data-element_type=\"widget\" data-e-type=\"widget\" data-widget_type=\"text-editor.default\">\n\t\t\t\t<div class=\"elementor-widget-container\">\n\t\t\t\t\t\t\t\t\t<p><strong style=\"font-style: inherit;\">EMAIL:\u00a0<\/strong><strong style=\"font-style: inherit;\">REMOLDYOURBODY@ICLOUD.COM<\/strong><\/p>\t\t\t\t\t\t\t\t<\/div>\n\t\t\t\t<\/div>\n\t\t\t\t<div class=\"elementor-element elementor-element-ff05f18 elementor-widget__width-initial elementor-widget elementor-widget-image\" data-id=\"ff05f18\" data-element_type=\"widget\" data-e-type=\"widget\" data-widget_type=\"image.default\">\n\t\t\t\t<div class=\"elementor-widget-container\">\n\t\t\t\t\t\t\t\t\t\t\t\t\t\t\t<img fetchpriority=\"high\" decoding=\"async\" width=\"928\" height=\"1024\" src=\"https:\/\/i0.wp.com\/remoldyourbody.com\/wp-content\/uploads\/2026\/01\/Messenger_creation_62176E3E-DA08-461A-BA04-E0CC286FAB4E.jpeg?fit=928%2C1024&amp;ssl=1\" class=\"attachment-large size-large wp-image-2368\" alt=\"\" srcset=\"https:\/\/i0.wp.com\/remoldyourbody.com\/wp-content\/uploads\/2026\/01\/Messenger_creation_62176E3E-DA08-461A-BA04-E0CC286FAB4E.jpeg?w=1320&amp;ssl=1 1320w, https:\/\/i0.wp.com\/remoldyourbody.com\/wp-content\/uploads\/2026\/01\/Messenger_creation_62176E3E-DA08-461A-BA04-E0CC286FAB4E.jpeg?resize=272%2C300&amp;ssl=1 272w, https:\/\/i0.wp.com\/remoldyourbody.com\/wp-content\/uploads\/2026\/01\/Messenger_creation_62176E3E-DA08-461A-BA04-E0CC286FAB4E.jpeg?resize=928%2C1024&amp;ssl=1 928w, https:\/\/i0.wp.com\/remoldyourbody.com\/wp-content\/uploads\/2026\/01\/Messenger_creation_62176E3E-DA08-461A-BA04-E0CC286FAB4E.jpeg?resize=768%2C847&amp;ssl=1 768w\" sizes=\"(max-width: 928px) 100vw, 928px\" \/>\t\t\t\t\t\t\t\t\t\t\t\t\t\t\t<\/div>\n\t\t\t\t<\/div>\n\t\t\t\t\t<\/div>\n\t\t<\/div>\n\t\t\t\t<div class=\"elementor-column elementor-col-50 elementor-top-column elementor-element elementor-element-744471c\" data-id=\"744471c\" data-element_type=\"column\" data-e-type=\"column\">\n\t\t\t<div class=\"elementor-widget-wrap elementor-element-populated\">\n\t\t\t\t\t\t<div class=\"elementor-element elementor-element-3b7fc7c elementor-widget elementor-widget-spacer\" data-id=\"3b7fc7c\" data-element_type=\"widget\" data-e-type=\"widget\" data-widget_type=\"spacer.default\">\n\t\t\t\t<div class=\"elementor-widget-container\">\n\t\t\t\t\t\t\t<div class=\"elementor-spacer\">\n\t\t\t<div class=\"elementor-spacer-inner\"><\/div>\n\t\t<\/div>\n\t\t\t\t\t\t<\/div>\n\t\t\t\t<\/div>\n\t\t\t\t<div class=\"elementor-element elementor-element-7ca5de8 elementor-widget elementor-widget-eael-creative-button\" data-id=\"7ca5de8\" data-element_type=\"widget\" data-e-type=\"widget\" data-widget_type=\"eael-creative-button.default\">\n\t\t\t\t<div class=\"elementor-widget-container\">\n\t\t\t\t\t        <div class=\"eael-creative-button-wrapper\">\n\n            <a class=\"eael-creative-button eael-creative-button--ujarak eael-cb-icon-position-left\" href=\"https:\/\/m.me\/Remoldyourbody\" data-text=\"\">\n            \t    \n                <div class=\"creative-button-inner\">\n\n                                            <span class=\"eael-creative-button-icon-left\"><i aria-hidden=\"true\" class=\"hm hm-fb-messanger\"><\/i><\/span>                    \n                    <span class=\"cretive-button-text\">Messenger<\/span>\n\n                                    <\/div>\n\t                        <\/a>\n        <\/div>\n        \t\t\t\t<\/div>\n\t\t\t\t<\/div>\n\t\t\t\t<div class=\"elementor-element elementor-element-e759b7e elementor-widget elementor-widget-ha-social-icons happy-addon ha-social-icons\" data-id=\"e759b7e\" data-element_type=\"widget\" data-e-type=\"widget\" data-settings=\"{&quot;ha_floating_fx&quot;:&quot;yes&quot;,&quot;ha_floating_fx_scale_toggle&quot;:&quot;yes&quot;,&quot;ha_floating_fx_scale_x&quot;:{&quot;unit&quot;:&quot;px&quot;,&quot;size&quot;:&quot;&quot;,&quot;sizes&quot;:{&quot;from&quot;:1,&quot;to&quot;:1.2}},&quot;ha_floating_fx_scale_y&quot;:{&quot;unit&quot;:&quot;px&quot;,&quot;size&quot;:&quot;&quot;,&quot;sizes&quot;:{&quot;from&quot;:1,&quot;to&quot;:1.2}},&quot;ha_floating_fx_scale_duration&quot;:{&quot;unit&quot;:&quot;px&quot;,&quot;size&quot;:1000,&quot;sizes&quot;:[]},&quot;ha_floating_fx_scale_delay&quot;:{&quot;unit&quot;:&quot;px&quot;,&quot;size&quot;:&quot;&quot;,&quot;sizes&quot;:[]}}\" data-widget_type=\"ha-social-icons.default\">\n\t\t\t\t<div class=\"elementor-widget-container\">\n\t\t\t\t\t\t\t<div class=\"ha-social-icons-wrapper \">\n\t\t\t\t\t\t\t<a href=\"https:\/\/www.facebook.com\/Remoldyourbody\" class=\"ha-social-icon elementor-repeater-item-95c6071 hvr-grow-shadow elementor-social-icon-facebook ha-social-icon--network\">\n\t\t\t\t\t<i class=\"fab fa-facebook\"><\/i>\t\t\t\t<\/a>\n\t\t\t\t\t\t\t\t<a href=\"https:\/\/www.instagram.com\/remold_your_body\/\" class=\"ha-social-icon elementor-repeater-item-05b81e5 hvr-grow-shadow elementor-social-icon-instagram ha-social-icon--network\">\n\t\t\t\t\t<i class=\"fab fa-instagram\"><\/i>\t\t\t\t<\/a>\n\t\t\t\t\t\t<\/div>\n\t\t\t\t\t\t<\/div>\n\t\t\t\t<\/div>\n\t\t\t\t\t<\/div>\n\t\t<\/div>\n\t\t\t\t\t<\/div>\n\t\t<\/section>\n\t\t\t\t<section class=\"elementor-section elementor-top-section elementor-element elementor-element-6d4a139 elementor-section-boxed elementor-section-height-default elementor-section-height-default\" data-id=\"6d4a139\" data-element_type=\"section\" data-e-type=\"section\" data-settings=\"{&quot;background_background&quot;:&quot;classic&quot;,&quot;_ha_eqh_enable&quot;:false}\">\n\t\t\t\t\t\t<div class=\"elementor-container elementor-column-gap-default\">\n\t\t\t\t\t<div class=\"elementor-column elementor-col-33 elementor-top-column elementor-element elementor-element-ae2e074\" data-id=\"ae2e074\" data-element_type=\"column\" data-e-type=\"column\">\n\t\t\t<div class=\"elementor-widget-wrap elementor-element-populated\">\n\t\t\t\t\t\t<div class=\"elementor-element elementor-element-67c08c7 elementor-widget elementor-widget-text-editor\" data-id=\"67c08c7\" data-element_type=\"widget\" data-e-type=\"widget\" data-widget_type=\"text-editor.default\">\n\t\t\t\t<div class=\"elementor-widget-container\">\n\t\t\t\t\t\t\t\t\t<p>\u00a9 Remoldyourbody. All rights reserved desgined by intensegraphicdesigner<\/p>\t\t\t\t\t\t\t\t<\/div>\n\t\t\t\t<\/div>\n\t\t\t\t\t<\/div>\n\t\t<\/div>\n\t\t\t\t<div class=\"elementor-column elementor-col-33 elementor-top-column elementor-element elementor-element-ec45ddb\" data-id=\"ec45ddb\" data-element_type=\"column\" data-e-type=\"column\">\n\t\t\t<div class=\"elementor-widget-wrap elementor-element-populated\">\n\t\t\t\t\t\t<div class=\"elementor-element elementor-element-75de79f elementor-align-center elementor-tablet-align-center elementor-widget elementor-widget-button\" data-id=\"75de79f\" data-element_type=\"widget\" data-e-type=\"widget\" data-widget_type=\"button.default\">\n\t\t\t\t<div class=\"elementor-widget-container\">\n\t\t\t\t\t\t\t\t\t<div class=\"elementor-button-wrapper\">\n\t\t\t\t\t<a class=\"elementor-button elementor-button-link elementor-size-sm\" href=\"https:\/\/remoldyourbody.com\/\">\n\t\t\t\t\t\t<span class=\"elementor-button-content-wrapper\">\n\t\t\t\t\t\t<span class=\"elementor-button-icon\">\n\t\t\t\t<i aria-hidden=\"true\" class=\"icon icon-home\"><\/i>\t\t\t<\/span>\n\t\t\t\t\t\t\t\t<\/span>\n\t\t\t\t\t<\/a>\n\t\t\t\t<\/div>\n\t\t\t\t\t\t\t\t<\/div>\n\t\t\t\t<\/div>\n\t\t\t\t\t<\/div>\n\t\t<\/div>\n\t\t\t\t<div class=\"elementor-column elementor-col-33 elementor-top-column elementor-element elementor-element-e33c12f\" data-id=\"e33c12f\" data-element_type=\"column\" data-e-type=\"column\">\n\t\t\t<div class=\"elementor-widget-wrap elementor-element-populated\">\n\t\t\t\t\t\t<div class=\"elementor-element elementor-element-4b1425b elementor-align-right elementor-tablet-align-center elementor-widget elementor-widget-button\" data-id=\"4b1425b\" data-element_type=\"widget\" data-e-type=\"widget\" data-widget_type=\"button.default\">\n\t\t\t\t<div class=\"elementor-widget-container\">\n\t\t\t\t\t\t\t\t\t<div class=\"elementor-button-wrapper\">\n\t\t\t\t\t<a class=\"elementor-button elementor-button-link elementor-size-sm\" href=\"#top\">\n\t\t\t\t\t\t<span class=\"elementor-button-content-wrapper\">\n\t\t\t\t\t\t\t\t\t<span class=\"elementor-button-text\">\u25b2<\/span>\n\t\t\t\t\t<\/span>\n\t\t\t\t\t<\/a>\n\t\t\t\t<\/div>\n\t\t\t\t\t\t\t\t<\/div>\n\t\t\t\t<\/div>\n\t\t\t\t\t<\/div>\n\t\t<\/div>\n\t\t\t\t\t<\/div>\n\t\t<\/section>\n\t\t\t\t<\/div>\n\t\t","protected":false},"excerpt":{"rendered":"<p>PAKIETY dietetyczne DIETA Z\u0141400\/MIESI\u0104C JAD\u0141OSPIS WYLICZONY POD TWOJE ZAPOTRZEBOWANIE KALORYCZNE, PREFERENCJE KULINARNE, CZAS JAKIM DYSPONUJESZ ORAZ EWENTUALNE SCHORZENIA SUPLEMENTACJ\u0118 MAJ\u0104C\u0104 NA CELU WSPOMAGANIE ORGANIZMU PRZY ZDROWYM I AKTYWNYM TRYBIE \u017bYCIA WRAZ Z SCHORZENIAMI ( JE\u015aLI TAKIE WYST\u0118PUJ\u0104) OPIS PODSTAWOWYCH ZASAD \u017bYWIENIOWYCH, NA KT\u00d3RE WARTO ZWR\u00d3CI\u0106 UWAG\u0118 PRZY AKTYWNYM I ZDROWYM TRYBIE \u017bYCIA (wszystko przygotowane przez &hellip;<\/p>\n<p class=\"read-more\"> <a class=\"\" href=\"https:\/\/remoldyourbody.com\/?page_id=1963\"> <span class=\"screen-reader-text\">Pakiety Dietetyczne<\/span> Read More &raquo;<\/a><\/p>\n","protected":false},"author":1,"featured_media":0,"parent":0,"menu_order":0,"comment_status":"closed","ping_status":"closed","template":"elementor_canvas","meta":{"_acf_changed":false,"site-sidebar-layout":"default","site-content-layout":"default","ast-global-header-display":"","ast-main-header-display":"","ast-hfb-above-header-display":"","ast-hfb-below-header-display":"","ast-hfb-mobile-header-display":"","site-post-title":"","ast-breadcrumbs-content":"","ast-featured-img":"","footer-sml-layout":"","theme-transparent-header-meta":"","adv-header-id-meta":"","stick-header-meta":"","header-above-stick-meta":"","header-main-stick-meta":"","header-below-stick-meta":"","footnotes":""},"class_list":["post-1963","page","type-page","status-publish","hentry"],"acf":[],"jetpack_sharing_enabled":true,"_links":{"self":[{"href":"https:\/\/remoldyourbody.com\/index.php?rest_route=\/wp\/v2\/pages\/1963","targetHints":{"allow":["GET"]}}],"collection":[{"href":"https:\/\/remoldyourbody.com\/index.php?rest_route=\/wp\/v2\/pages"}],"about":[{"href":"https:\/\/remoldyourbody.com\/index.php?rest_route=\/wp\/v2\/types\/page"}],"author":[{"embeddable":true,"href":"https:\/\/remoldyourbody.com\/index.php?rest_route=\/wp\/v2\/users\/1"}],"replies":[{"embeddable":true,"href":"https:\/\/remoldyourbody.com\/index.php?rest_route=%2Fwp%2Fv2%2Fcomments&post=1963"}],"version-history":[{"count":3,"href":"https:\/\/remoldyourbody.com\/index.php?rest_route=\/wp\/v2\/pages\/1963\/revisions"}],"predecessor-version":[{"id":2425,"href":"https:\/\/remoldyourbody.com\/index.php?rest_route=\/wp\/v2\/pages\/1963\/revisions\/2425"}],"wp:attachment":[{"href":"https:\/\/remoldyourbody.com\/index.php?rest_route=%2Fwp%2Fv2%2Fmedia&parent=1963"}],"curies":[{"name":"wp","href":"https:\/\/api.w.org\/{rel}","templated":true}]}}